{"id":2654,"date":"2017-12-03T23:13:14","date_gmt":"2017-12-03T23:13:14","guid":{"rendered":"https:\/\/dermatest.org\/estudos-de-eficacia\/"},"modified":"2026-02-02T20:26:41","modified_gmt":"2026-02-02T20:26:41","slug":"estudos-de-eficacia","status":"publish","type":"page","link":"https:\/\/dermatest.org\/pt-br\/estudos-de-eficacia\/","title":{"rendered":"Estudos de Efic\u00e1cia"},"content":{"rendered":"<div id='av-layout-grid-1'  class='av-layout-grid-container av-3qefq2-c12483f938d141555f40e9afb1e32945 entry-content-wrapper main_color av-flex-cells  avia-builder-el-0  el_before_av_layout_row  avia-builder-el-first   container_wrap sidebar_right'  >\n\n<style type=\"text\/css\" data-created_by=\"avia_inline_auto\" id=\"style-css-av-3mt8hm-f94652af18c162c58ed03f92a51edee5\">\n.flex_cell.av-3mt8hm-f94652af18c162c58ed03f92a51edee5{\nvertical-align:top;\n}\n.responsive #top #wrap_all .flex_cell.av-3mt8hm-f94652af18c162c58ed03f92a51edee5{\npadding:50px 90px 0px 60px !important;\n}\n<\/style>\n<div class='flex_cell av-3mt8hm-f94652af18c162c58ed03f92a51edee5 av-gridrow-cell av_one_full no_margin  avia-builder-el-1  avia-builder-el-no-sibling  content-align-top'  ><div class='flex_cell_inner'><section  class='av_textblock_section av-3e9fgy-623f254672329bfaff6ffb848638bd55 '   itemscope=\"itemscope\" itemtype=\"https:\/\/schema.org\/CreativeWork\" ><div class='avia_textblock'  itemprop=\"text\" ><h2 style=\"text-align: left;\">Estudos de Efic\u00e1cia<\/h2>\n<\/div><\/section><br \/>\n\n<style type=\"text\/css\" data-created_by=\"avia_inline_auto\" id=\"style-css-av-38vb1m-e240344685f872c608bc3adfa4475617\">\n#top .hr.av-38vb1m-e240344685f872c608bc3adfa4475617{\nmargin-top:10px;\nmargin-bottom:10px;\n}\n.hr.av-38vb1m-e240344685f872c608bc3adfa4475617 .hr-inner{\nwidth:140px;\nborder-color:#d6d6d6;\nmax-width:45%;\n}\n.hr.av-38vb1m-e240344685f872c608bc3adfa4475617 .av-seperator-icon{\ncolor:#d6d6d6;\n}\n.hr.av-38vb1m-e240344685f872c608bc3adfa4475617 .av-seperator-icon.avia-svg-icon svg:first-child{\nfill:#d6d6d6;\nstroke:#d6d6d6;\n}\n<\/style>\n<div  class='hr av-38vb1m-e240344685f872c608bc3adfa4475617 hr-custom  avia-builder-el-3  el_after_av_textblock  avia-builder-el-last  hr-left hr-icon-yes'><span class='hr-inner inner-border-av-border-thin'><span class=\"hr-inner-style\"><\/span><\/span><span class='av-seperator-icon avia-iconfont avia-font-entypo-fontello' data-av_icon='\ue8bd' data-av_iconfont='entypo-fontello' ><\/span><span class='hr-inner inner-border-av-border-thin'><span class=\"hr-inner-style\"><\/span><\/span><\/div><\/p>\n<\/div><\/div>\n<\/div>\n<div id='av-layout-grid-2'  class='av-layout-grid-container av-33fg4a-5f96cdbbc608409bed557df429a55969 entry-content-wrapper main_color av-flex-cells  avia-builder-el-4  el_after_av_layout_row  el_before_av_layout_row  grid-row-not-first  container_wrap sidebar_right'  >\n\n<style type=\"text\/css\" data-created_by=\"avia_inline_auto\" id=\"style-css-av-2v80be-e69bcfd148e961c929f910e0c2675632\">\n.flex_cell.av-2v80be-e69bcfd148e961c929f910e0c2675632{\nvertical-align:top;\n}\n.responsive #top #wrap_all .flex_cell.av-2v80be-e69bcfd148e961c929f910e0c2675632{\npadding:0px 220px 30px 60px !important;\n}\n<\/style>\n<div class='flex_cell av-2v80be-e69bcfd148e961c929f910e0c2675632 av-gridrow-cell av_one_full no_margin  avia-builder-el-5  avia-builder-el-no-sibling  content-align-top'  ><div class='flex_cell_inner'><section  class='av_textblock_section av-2o68ii-99ccd3390a02e33995bbb87262a78ae3 '   itemscope=\"itemscope\" itemtype=\"https:\/\/schema.org\/CreativeWork\" ><div class='avia_textblock'  itemprop=\"text\" ><p><em><span style=\"color: #01325f; font-size: 17px;\">S\u00e3o ensaios cl\u00ednicos dedicados \u00e0 avalia\u00e7\u00e3o da seguran\u00e7a e efic\u00e1cia de produtos cosm\u00e9ticos. <\/span><\/em><\/p>\n<\/div><\/section>\n<\/div><\/div>\n<\/div>\n<div id='av-layout-grid-3'  class='av-layout-grid-container av-2kgt9u-6ed0f77348f2a90914cd239b35e96dee entry-content-wrapper main_color av-flex-cells  avia-builder-el-7  el_after_av_layout_row  el_before_av_layout_row  grid-row-not-first  container_wrap sidebar_right'  >\n\n<style type=\"text\/css\" data-created_by=\"avia_inline_auto\" id=\"style-css-av-2clyei-4fa96e7dc36a0967ee68109ea99232b7\">\n.flex_cell.av-2clyei-4fa96e7dc36a0967ee68109ea99232b7{\nvertical-align:middle;\nbackground-color:#366ba1;\n}\n.responsive #top #wrap_all .flex_cell.av-2clyei-4fa96e7dc36a0967ee68109ea99232b7{\npadding:40px 7% 30px 7% !important;\n}\n<\/style>\n<div class='flex_cell av-2clyei-4fa96e7dc36a0967ee68109ea99232b7 av-gridrow-cell av_one_full no_margin  avia-builder-el-8  avia-builder-el-no-sibling  content-align-middle'  ><div class='flex_cell_inner'>\n<style type=\"text\/css\" data-created_by=\"avia_inline_auto\" id=\"style-css-av-27lajm-0f3ba8f2a827cd91851456914371fe18\">\n#top .av_textblock_section.av-27lajm-0f3ba8f2a827cd91851456914371fe18 .avia_textblock{\nfont-size:16px;\n}\n<\/style>\n<section  class='av_textblock_section av-27lajm-0f3ba8f2a827cd91851456914371fe18 '   itemscope=\"itemscope\" itemtype=\"https:\/\/schema.org\/CreativeWork\" ><div class='avia_textblock'  itemprop=\"text\" ><ul>\n<li><span style=\"color: #ffffff;\">Estas medidas s\u00e3o tomadas levando em considera\u00e7\u00e3o as regulamenta\u00e7\u00f5es vigentes e as necessidades do <\/span><br \/>\n<span style=\"color: #ffffff;\"> consumidores, a fim de justificar as \u201calega\u00e7\u00f5es\u201d que o fabricante atribui ao produto.<\/span><\/li>\n<li><span style=\"color: #ffffff;\">S\u00e3o uma forma de garantir a qualidade, o rigor e a conformidade com as normas aplic\u00e1veis \u200b\u200bdurante o desenvolvimento do produto, bem como uma forma de assegurar a veracidade e a rastreabilidade dos resultados finais, que far\u00e3o parte do registo junto das autoridades sanit\u00e1rias e da comercializa\u00e7\u00e3o de determinado produto.<\/span><\/li>\n<li><span style=\"color: #ffffff;\">Tudo isso visa \u00e0 completa satisfa\u00e7\u00e3o do consumidor.<\/span><br \/>\n<span style=\"color: #ffffff;\"> Esses testes s\u00e3o conduzidos em volunt\u00e1rios humanos saud\u00e1veis \u200b\u200bou naqueles com uma condi\u00e7\u00e3o espec\u00edfica (por exemplo, caspa, acne, etc.) aplicando o(s) produto(s) a ser(em) testado(s) na \u00e1rea a ser tratada.<\/span><\/li>\n<li><span style=\"color: #ffffff;\">A condi\u00e7\u00e3o e as propriedades da pele s\u00e3o analisadas usando analisadores objetivos que coletam informa\u00e7\u00f5es antes, durante e ap\u00f3s as aplica\u00e7\u00f5es.<\/span><br \/>\n<span style=\"color: #ffffff;\"> Alguns desses dispositivos de \u00faltima gera\u00e7\u00e3o incluem o microsc\u00f3pio eletr\u00f4nico, o Corneometer CM 825 (Umidade), o Sebumeter SM 810 (N\u00edvel de Sebo), o pH Meter PH 900 (pH da Pele), o Skin Pigmentation Analyzer SPA 99 (Eritema e Pigmenta\u00e7\u00e3o), o Elastometer (Elasticidade da Pele) e o Dandruffmeter DA 20 (Caspa), para citar alguns.<\/span><\/li>\n<li><span style=\"color: #ffffff;\">Estudos e relat\u00f3rios s\u00e3o sempre conduzidos, supervisionados e analisados \u200b\u200bpor m\u00e9dicos<\/span><br \/>\n<span style=\"color: #ffffff;\"> profissionais especializados e treinados. Al\u00e9m disso, precisamos esclarecer que em <\/span><br \/>\n<span style=\"color: #ffffff;\"> nossa empresa n\u00e3o realiza testes experimentais em animais; pelo contr\u00e1rio, <\/span><br \/>\n<span style=\"color: #ffffff;\"> desejamos que essa proibi\u00e7\u00e3o se torne lei em todo o mundo.<\/span><\/li>\n<li><span style=\"color: #ffffff;\">Implementamos tamb\u00e9m opera\u00e7\u00f5es de escrit\u00f3rio ecologicamente corretas, colocando em pr\u00e1tica diariamente sistemas que ajudam a melhorar o nosso meio ambiente.<\/span><\/li>\n<\/ul>\n<\/div><\/section>\n<\/div><\/div><\/div><div id='av-layout-grid-4'  class='av-layout-grid-container av-21taw2-7ade35d92c5170dbd3634617a0079125 entry-content-wrapper main_color av-flex-cells  avia-builder-el-10  el_after_av_layout_row  avia-builder-el-last  grid-row-not-first  container_wrap sidebar_right'  >\n\n<style type=\"text\/css\" data-created_by=\"avia_inline_auto\" id=\"style-css-av-1w83u2-90e40cb5139000520ffba9c70d862b5f\">\n.flex_cell.av-1w83u2-90e40cb5139000520ffba9c70d862b5f{\nvertical-align:middle;\nbackground-color:#848484;\n}\n.responsive #top #wrap_all .flex_cell.av-1w83u2-90e40cb5139000520ffba9c70d862b5f{\npadding:50px 30px 20px 30px !important;\n}\n<\/style>\n<div class='flex_cell av-1w83u2-90e40cb5139000520ffba9c70d862b5f av-gridrow-cell av_one_full no_margin  avia-builder-el-11  avia-builder-el-no-sibling  content-align-middle'  ><div class='flex_cell_inner'><section  class='av_textblock_section av-1qbf76-7ede3653e4855bfb2278419a5f938e97 '   itemscope=\"itemscope\" itemtype=\"https:\/\/schema.org\/CreativeWork\" ><div class='avia_textblock'  itemprop=\"text\" ><h3 style=\"text-align: center;\"><span style=\"color: #ffffff;\">Nossos principais estudos de efic\u00e1cia de<br \/>\nprodutos cosm\u00e9ticos para pele e cabelo s\u00e3o:<\/span><\/h3>\n<\/div><\/section><br \/>\n\n<style type=\"text\/css\" data-created_by=\"avia_inline_auto\" id=\"style-css-av-1mk422-f25aa2f6b74718a143aff7028c1a54b0\">\n#top .flex_column.av-1mk422-f25aa2f6b74718a143aff7028c1a54b0{\nmargin-top:25px;\nmargin-bottom:25px;\n}\n.flex_column.av-1mk422-f25aa2f6b74718a143aff7028c1a54b0{\nborder-radius:0px 0px 0px 0px;\npadding:0px 0px 0px 0px;\n}\n.responsive #top #wrap_all .flex_column.av-1mk422-f25aa2f6b74718a143aff7028c1a54b0{\nmargin-top:25px;\nmargin-bottom:25px;\n}\n<\/style>\n<div  class='flex_column av-1mk422-f25aa2f6b74718a143aff7028c1a54b0 av_one_third  avia-builder-el-13  el_after_av_textblock  el_before_av_one_third  first flex_column_div av-zero-column-padding  column-top-margin'     ><style type=\"text\/css\" data-created_by=\"avia_inline_auto\" id=\"style-css-av-1fp3b6-84a8ba5ad9df1007d50fb796715d0472\">\n.avia-image-container.av-1fp3b6-84a8ba5ad9df1007d50fb796715d0472 img.avia_image{\nbox-shadow:none;\n}\n.avia-image-container.av-1fp3b6-84a8ba5ad9df1007d50fb796715d0472 .av-image-caption-overlay-center{\ncolor:#ffffff;\n}\n<\/style>\n<div  class='avia-image-container av-1fp3b6-84a8ba5ad9df1007d50fb796715d0472 av-styling-no-styling avia-align-left  avia-builder-el-14  avia-builder-el-no-sibling '   itemprop=\"image\" itemscope=\"itemscope\" itemtype=\"https:\/\/schema.org\/ImageObject\" ><div class=\"avia-image-container-inner\"><div class=\"avia-image-overlay-wrap\"><img decoding=\"async\" fetchpriority=\"high\" class='wp-image-2652 avia-img-lazy-loading-not-2652 avia_image ' src=\"https:\/\/dermatest.org\/wp-content\/uploads\/2017\/12\/globos-2.png\" alt='' title=''  height=\"1310\" width=\"570\"  itemprop=\"thumbnailUrl\" srcset=\"https:\/\/dermatest.org\/wp-content\/uploads\/2017\/12\/globos-2.png 570w, https:\/\/dermatest.org\/wp-content\/uploads\/2017\/12\/globos-2-131x300.png 131w, https:\/\/dermatest.org\/wp-content\/uploads\/2017\/12\/globos-2-448x1030.png 448w, https:\/\/dermatest.org\/wp-content\/uploads\/2017\/12\/globos-2-307x705.png 307w, https:\/\/dermatest.org\/wp-content\/uploads\/2017\/12\/globos-2-435x999.png 435w\" sizes=\"(max-width: 570px) 100vw, 570px\" \/><\/div><\/div><\/div><\/div>\n<style type=\"text\/css\" data-created_by=\"avia_inline_auto\" id=\"style-css-av-1a2ni2-d0cfed76cb28f1438625f1db5ee9249c\">\n#top .flex_column.av-1a2ni2-d0cfed76cb28f1438625f1db5ee9249c{\nmargin-top:25px;\nmargin-bottom:25px;\n}\n.flex_column.av-1a2ni2-d0cfed76cb28f1438625f1db5ee9249c{\nborder-radius:0px 0px 0px 0px;\npadding:0px 0px 0px 0px;\n}\n.responsive #top #wrap_all .flex_column.av-1a2ni2-d0cfed76cb28f1438625f1db5ee9249c{\nmargin-top:25px;\nmargin-bottom:25px;\n}\n<\/style>\n<div  class='flex_column av-1a2ni2-d0cfed76cb28f1438625f1db5ee9249c av_one_third  avia-builder-el-15  el_after_av_one_third  el_before_av_one_third  flex_column_div av-zero-column-padding  column-top-margin'     ><section  class='av_textblock_section av-1509wy-5607049f6e60c7d32f80291e40d116fd '   itemscope=\"itemscope\" itemtype=\"https:\/\/schema.org\/CreativeWork\" ><div class='avia_textblock'  itemprop=\"text\" ><h4 style=\"text-align: left;\"><span style=\"color: #ffffff;\">CORPORAIS<\/span><\/h4>\n<p><span style=\"color: #ffffff;\">Hidratantes<\/span><br \/>\n<span style=\"color: #ffffff;\"> Despigmentante<\/span><br \/>\n<span style=\"color: #ffffff;\"> Reafirmante<\/span><br \/>\n<span style=\"color: #ffffff;\"> Anticelulite<\/span><br \/>\n<span style=\"color: #ffffff;\"> Lipol\u00edtico redutor<\/span><br \/>\n<span style=\"color: #ffffff;\"> Estrias<\/span><br \/>\n<span style=\"color: #ffffff;\"> Cicatrizes<\/span><br \/>\n<span style=\"color: #ffffff;\"> Retardo e diminui\u00e7\u00e3o do crescimento de pelos<\/span><br \/>\n<span style=\"color: #ffffff;\"> Produtos para unhas<\/span><br \/>\n<span style=\"color: #ffffff;\"> Productos p\u00e9dicos<\/span><br \/>\n<span style=\"color: #ffffff;\"> Outros<\/span><\/p>\n<\/div><\/section><br \/>\n\n<style type=\"text\/css\" data-created_by=\"avia_inline_auto\" id=\"style-css-av-xtm6q-a3fb01d589ae22ef8ebcc5ed4e6e0255\">\n#top .hr.hr-invisible.av-xtm6q-a3fb01d589ae22ef8ebcc5ed4e6e0255{\nheight:20px;\n}\n<\/style>\n<div  class='hr av-xtm6q-a3fb01d589ae22ef8ebcc5ed4e6e0255 hr-invisible  avia-builder-el-17  el_after_av_textblock  el_before_av_textblock '><span class='hr-inner '><span class=\"hr-inner-style\"><\/span><\/span><\/div><br \/>\n<section  class='av_textblock_section av-2kam2-9e5f7ad2a3063176df3b4f47c08b7762 '   itemscope=\"itemscope\" itemtype=\"https:\/\/schema.org\/CreativeWork\" ><div class='avia_textblock'  itemprop=\"text\" ><h4 style=\"text-align: left;\"><span style=\"color: #ffffff;\">FACIALES<\/span><\/h4>\n<p><span style=\"color: #ffffff;\">Hidratante<\/span><br \/>\n<span style=\"color: #ffffff;\"> Elasticidade<\/span><br \/>\n<span style=\"color: #ffffff;\"> Anti arrugas<\/span><br \/>\n<span style=\"color: #ffffff;\"> Antioxidante<\/span><br \/>\n<span style=\"color: #ffffff;\"> Tonificante<\/span><br \/>\n<span style=\"color: #ffffff;\"> Despigmenta\u00e7\u00e3o<\/span><br \/>\n<span style=\"color: #ffffff;\"> Ros\u00e1cea<\/span><br \/>\n<span style=\"color: #ffffff;\"> Limpeza<\/span><br \/>\n<span style=\"color: #ffffff;\"> Esfoliante<\/span><br \/>\n<span style=\"color: #ffffff;\"> Redu\u00e7\u00e3o de poros<\/span><br \/>\n<span style=\"color: #ffffff;\"> Seborregulador<\/span><br \/>\n<span style=\"color: #ffffff;\"> Acne<\/span><br \/>\n<span style=\"color: #ffffff;\"> Demaquilante<\/span><br \/>\n<span style=\"color: #ffffff;\"> Crescimento de c\u00edlios e sobrancelhas<\/span><br \/>\n<span style=\"color: #ffffff;\"> Outros<\/span><\/p>\n<\/div><\/section><\/p><\/div>\n<style type=\"text\/css\" data-created_by=\"avia_inline_auto\" id=\"style-css-av-l3r5u-a237b1830895d64cc5145f44d0359b0d\">\n#top .flex_column.av-l3r5u-a237b1830895d64cc5145f44d0359b0d{\nmargin-top:25px;\nmargin-bottom:25px;\n}\n.flex_column.av-l3r5u-a237b1830895d64cc5145f44d0359b0d{\nborder-radius:0px 0px 0px 0px;\npadding:0px 0px 0px 0px;\n}\n.responsive #top #wrap_all .flex_column.av-l3r5u-a237b1830895d64cc5145f44d0359b0d{\nmargin-top:25px;\nmargin-bottom:25px;\n}\n<\/style>\n<div  class='flex_column av-l3r5u-a237b1830895d64cc5145f44d0359b0d av_one_third  avia-builder-el-19  el_after_av_one_third  avia-builder-el-last  flex_column_div av-zero-column-padding  column-top-margin'     ><section  class='av_textblock_section av-hnqnm-0d74d3a1d6b41103dc7748dad512c8bb '   itemscope=\"itemscope\" itemtype=\"https:\/\/schema.org\/CreativeWork\" ><div class='avia_textblock'  itemprop=\"text\" ><h4 style=\"text-align: left;\"><span style=\"color: #ffffff;\">CAPILARES<\/span><\/h4>\n<p><span style=\"color: #ffffff;\">Brilho<\/span><br \/>\n<span style=\"color: #ffffff;\"> Suavidade<\/span><br \/>\n<span style=\"color: #ffffff;\"> Penteabilidade<\/span><br \/>\n<span style=\"color: #ffffff;\"> Prote\u00e7\u00e3o da cor<\/span><br \/>\n<span style=\"color: #ffffff;\"> Prote\u00e7\u00e3o t\u00e9rmica<\/span><br \/>\n<span style=\"color: #ffffff;\"> Resist\u00eancia<\/span><br \/>\n<span style=\"color: #ffffff;\"> Reparo<\/span><br \/>\n<span style=\"color: #ffffff;\"> Anti-caspa<\/span><br \/>\n<span style=\"color: #ffffff;\"> Anti-queda<\/span><br \/>\n<span style=\"color: #ffffff;\"> Normaliza\u00e7\u00e3o do sebo<\/span><br \/>\n<span style=\"color: #ffffff;\"> Fixa\u00e7\u00e3o de cachos<\/span><br \/>\n<span style=\"color: #ffffff;\"> Anti-frizz<\/span><br \/>\n<span style=\"color: #ffffff;\"> Efeito de volume<\/span><br \/>\n<span style=\"color: #ffffff;\"> Outros<\/span><\/p>\n<\/div><\/section><br \/>\n\n<style type=\"text\/css\" data-created_by=\"avia_inline_auto\" id=\"style-css-av-anoky-8acb8b820030cc15ab21518a0ceac09e\">\n.avia-image-container.av-anoky-8acb8b820030cc15ab21518a0ceac09e img.avia_image{\nbox-shadow:none;\n}\n.avia-image-container.av-anoky-8acb8b820030cc15ab21518a0ceac09e .av-image-caption-overlay-center{\ncolor:#ffffff;\n}\n<\/style>\n<div  class='avia-image-container av-anoky-8acb8b820030cc15ab21518a0ceac09e av-styling-no-styling avia-align-left  avia-builder-el-21  el_after_av_textblock  avia-builder-el-last '   itemprop=\"image\" itemscope=\"itemscope\" itemtype=\"https:\/\/schema.org\/ImageObject\" ><div class=\"avia-image-container-inner\"><div class=\"avia-image-overlay-wrap\"><img decoding=\"async\" fetchpriority=\"high\" class='wp-image-2653 avia-img-lazy-loading-not-2653 avia_image ' src=\"https:\/\/dermatest.org\/wp-content\/uploads\/2017\/12\/globos-3.png\" alt='' title=''  height=\"508\" width=\"315\"  itemprop=\"thumbnailUrl\" srcset=\"https:\/\/dermatest.org\/wp-content\/uploads\/2017\/12\/globos-3.png 315w, https:\/\/dermatest.org\/wp-content\/uploads\/2017\/12\/globos-3-186x300.png 186w\" sizes=\"(max-width: 315px) 100vw, 315px\" \/><\/div><\/div><\/div><\/p><\/div><\/p>\n<\/div><\/div>\n<\/div><\/p>\n","protected":false},"excerpt":{"rendered":"","protected":false},"author":1,"featured_media":0,"parent":0,"menu_order":0,"comment_status":"closed","ping_status":"closed","template":"","meta":{"footnotes":""},"class_list":["post-2654","page","type-page","status-publish","hentry"],"yoast_head":"<!-- This site is optimized with the Yoast SEO plugin v27.3 - https:\/\/yoast.com\/product\/yoast-seo-wordpress\/ -->\n<title>Estudos de Efic\u00e1cia - Dermatest<\/title>\n<meta name=\"robots\" content=\"index, follow, max-snippet:-1, max-image-preview:large, max-video-preview:-1\" \/>\n<link rel=\"canonical\" href=\"https:\/\/dermatest.org\/pt-br\/estudos-de-eficacia\/\" \/>\n<meta property=\"og:locale\" content=\"pt_BR\" \/>\n<meta property=\"og:type\" content=\"article\" \/>\n<meta property=\"og:title\" content=\"Estudos de Efic\u00e1cia - Dermatest\" \/>\n<meta property=\"og:url\" content=\"https:\/\/dermatest.org\/pt-br\/estudos-de-eficacia\/\" \/>\n<meta property=\"og:site_name\" content=\"Dermatest\" \/>\n<meta property=\"article:modified_time\" content=\"2026-02-02T20:26:41+00:00\" \/>\n<meta name=\"twitter:card\" content=\"summary_large_image\" \/>\n<meta name=\"twitter:label1\" content=\"Est. tempo de leitura\" \/>\n\t<meta name=\"twitter:data1\" content=\"3 minutos\" \/>\n<script type=\"application\/ld+json\" class=\"yoast-schema-graph\">{\"@context\":\"https:\\\/\\\/schema.org\",\"@graph\":[{\"@type\":\"WebPage\",\"@id\":\"https:\\\/\\\/dermatest.org\\\/pt-br\\\/estudos-de-eficacia\\\/\",\"url\":\"https:\\\/\\\/dermatest.org\\\/pt-br\\\/estudos-de-eficacia\\\/\",\"name\":\"Estudos de Efic\u00e1cia - Dermatest\",\"isPartOf\":{\"@id\":\"https:\\\/\\\/dermatest.org\\\/pt-br\\\/#website\"},\"datePublished\":\"2017-12-03T23:13:14+00:00\",\"dateModified\":\"2026-02-02T20:26:41+00:00\",\"breadcrumb\":{\"@id\":\"https:\\\/\\\/dermatest.org\\\/pt-br\\\/estudos-de-eficacia\\\/#breadcrumb\"},\"inLanguage\":\"pt-BR\",\"potentialAction\":[{\"@type\":\"ReadAction\",\"target\":[\"https:\\\/\\\/dermatest.org\\\/pt-br\\\/estudos-de-eficacia\\\/\"]}]},{\"@type\":\"BreadcrumbList\",\"@id\":\"https:\\\/\\\/dermatest.org\\\/pt-br\\\/estudos-de-eficacia\\\/#breadcrumb\",\"itemListElement\":[{\"@type\":\"ListItem\",\"position\":1,\"name\":\"Portada\",\"item\":\"https:\\\/\\\/dermatest.org\\\/pt-br\\\/\"},{\"@type\":\"ListItem\",\"position\":2,\"name\":\"Estudos de Efic\u00e1cia\"}]},{\"@type\":\"WebSite\",\"@id\":\"https:\\\/\\\/dermatest.org\\\/pt-br\\\/#website\",\"url\":\"https:\\\/\\\/dermatest.org\\\/pt-br\\\/\",\"name\":\"Dermatest\",\"description\":\"Estudios de Seguridad, Eficacia y Sustento de Claims\",\"potentialAction\":[{\"@type\":\"SearchAction\",\"target\":{\"@type\":\"EntryPoint\",\"urlTemplate\":\"https:\\\/\\\/dermatest.org\\\/pt-br\\\/?s={search_term_string}\"},\"query-input\":{\"@type\":\"PropertyValueSpecification\",\"valueRequired\":true,\"valueName\":\"search_term_string\"}}],\"inLanguage\":\"pt-BR\"}]}<\/script>\n<!-- \/ Yoast SEO plugin. -->","yoast_head_json":{"title":"Estudos de Efic\u00e1cia - Dermatest","robots":{"index":"index","follow":"follow","max-snippet":"max-snippet:-1","max-image-preview":"max-image-preview:large","max-video-preview":"max-video-preview:-1"},"canonical":"https:\/\/dermatest.org\/pt-br\/estudos-de-eficacia\/","og_locale":"pt_BR","og_type":"article","og_title":"Estudos de Efic\u00e1cia - Dermatest","og_url":"https:\/\/dermatest.org\/pt-br\/estudos-de-eficacia\/","og_site_name":"Dermatest","article_modified_time":"2026-02-02T20:26:41+00:00","twitter_card":"summary_large_image","twitter_misc":{"Est. tempo de leitura":"3 minutos"},"schema":{"@context":"https:\/\/schema.org","@graph":[{"@type":"WebPage","@id":"https:\/\/dermatest.org\/pt-br\/estudos-de-eficacia\/","url":"https:\/\/dermatest.org\/pt-br\/estudos-de-eficacia\/","name":"Estudos de Efic\u00e1cia - Dermatest","isPartOf":{"@id":"https:\/\/dermatest.org\/pt-br\/#website"},"datePublished":"2017-12-03T23:13:14+00:00","dateModified":"2026-02-02T20:26:41+00:00","breadcrumb":{"@id":"https:\/\/dermatest.org\/pt-br\/estudos-de-eficacia\/#breadcrumb"},"inLanguage":"pt-BR","potentialAction":[{"@type":"ReadAction","target":["https:\/\/dermatest.org\/pt-br\/estudos-de-eficacia\/"]}]},{"@type":"BreadcrumbList","@id":"https:\/\/dermatest.org\/pt-br\/estudos-de-eficacia\/#breadcrumb","itemListElement":[{"@type":"ListItem","position":1,"name":"Portada","item":"https:\/\/dermatest.org\/pt-br\/"},{"@type":"ListItem","position":2,"name":"Estudos de Efic\u00e1cia"}]},{"@type":"WebSite","@id":"https:\/\/dermatest.org\/pt-br\/#website","url":"https:\/\/dermatest.org\/pt-br\/","name":"Dermatest","description":"Estudios de Seguridad, Eficacia y Sustento de Claims","potentialAction":[{"@type":"SearchAction","target":{"@type":"EntryPoint","urlTemplate":"https:\/\/dermatest.org\/pt-br\/?s={search_term_string}"},"query-input":{"@type":"PropertyValueSpecification","valueRequired":true,"valueName":"search_term_string"}}],"inLanguage":"pt-BR"}]}},"_links":{"self":[{"href":"https:\/\/dermatest.org\/pt-br\/wp-json\/wp\/v2\/pages\/2654","targetHints":{"allow":["GET"]}}],"collection":[{"href":"https:\/\/dermatest.org\/pt-br\/wp-json\/wp\/v2\/pages"}],"about":[{"href":"https:\/\/dermatest.org\/pt-br\/wp-json\/wp\/v2\/types\/page"}],"author":[{"embeddable":true,"href":"https:\/\/dermatest.org\/pt-br\/wp-json\/wp\/v2\/users\/1"}],"replies":[{"embeddable":true,"href":"https:\/\/dermatest.org\/pt-br\/wp-json\/wp\/v2\/comments?post=2654"}],"version-history":[{"count":9,"href":"https:\/\/dermatest.org\/pt-br\/wp-json\/wp\/v2\/pages\/2654\/revisions"}],"predecessor-version":[{"id":2703,"href":"https:\/\/dermatest.org\/pt-br\/wp-json\/wp\/v2\/pages\/2654\/revisions\/2703"}],"wp:attachment":[{"href":"https:\/\/dermatest.org\/pt-br\/wp-json\/wp\/v2\/media?parent=2654"}],"curies":[{"name":"wp","href":"https:\/\/api.w.org\/{rel}","templated":true}]}}