{"id":2664,"date":"2017-11-10T17:37:22","date_gmt":"2017-11-10T17:37:22","guid":{"rendered":"https:\/\/dermatest.org\/estudos-de-seguranca\/"},"modified":"2026-02-02T20:29:30","modified_gmt":"2026-02-02T20:29:30","slug":"estudos-de-seguranca","status":"publish","type":"page","link":"https:\/\/dermatest.org\/pt-br\/estudos-de-seguranca\/","title":{"rendered":"Estudos de seguran\u00e7a"},"content":{"rendered":"<div id='av-layout-grid-1'  class='av-layout-grid-container av-bvaix-5d67e2a12eb08e9fd389dfae1457e0ad entry-content-wrapper main_color av-flex-cells  avia-builder-el-0  el_before_av_layout_row  avia-builder-el-first   container_wrap sidebar_right'  >\n\n<style type=\"text\/css\" data-created_by=\"avia_inline_auto\" id=\"style-css-av-aur8x-48b735b848b94421c20c1d787923da9d\">\n.flex_cell.av-aur8x-48b735b848b94421c20c1d787923da9d{\nvertical-align:top;\n}\n.responsive #top #wrap_all .flex_cell.av-aur8x-48b735b848b94421c20c1d787923da9d{\npadding:50px 90px 0px 60px !important;\n}\n<\/style>\n<div class='flex_cell av-aur8x-48b735b848b94421c20c1d787923da9d av-gridrow-cell av_one_full no_margin  avia-builder-el-1  avia-builder-el-no-sibling  content-align-top'  ><div class='flex_cell_inner'><section  class='av_textblock_section av-aelx5-04d9b687190547a43d591b03892386f5 '   itemscope=\"itemscope\" itemtype=\"https:\/\/schema.org\/CreativeWork\" ><div class='avia_textblock'  itemprop=\"text\" ><h2 style=\"text-align: left;\">Estudos de Seguran\u00e7a<\/h2>\n<\/div><\/section><br \/>\n\n<style type=\"text\/css\" data-created_by=\"avia_inline_auto\" id=\"style-css-av-9o325-31a5f6254c2d16fde7b2bc584d5796bf\">\n#top .hr.av-9o325-31a5f6254c2d16fde7b2bc584d5796bf{\nmargin-top:10px;\nmargin-bottom:10px;\n}\n.hr.av-9o325-31a5f6254c2d16fde7b2bc584d5796bf .hr-inner{\nwidth:140px;\nborder-color:#d6d6d6;\nmax-width:45%;\n}\n.hr.av-9o325-31a5f6254c2d16fde7b2bc584d5796bf .av-seperator-icon{\ncolor:#d6d6d6;\n}\n.hr.av-9o325-31a5f6254c2d16fde7b2bc584d5796bf .av-seperator-icon.avia-svg-icon svg:first-child{\nfill:#d6d6d6;\nstroke:#d6d6d6;\n}\n<\/style>\n<div  class='hr av-9o325-31a5f6254c2d16fde7b2bc584d5796bf hr-custom  avia-builder-el-3  el_after_av_textblock  avia-builder-el-last  hr-left hr-icon-yes'><span class='hr-inner inner-border-av-border-thin'><span class=\"hr-inner-style\"><\/span><\/span><span class='av-seperator-icon avia-iconfont avia-font-entypo-fontello' data-av_icon='\ue8bd' data-av_iconfont='entypo-fontello' ><\/span><span class='hr-inner inner-border-av-border-thin'><span class=\"hr-inner-style\"><\/span><\/span><\/div><\/p>\n<\/div><\/div>\n<\/div>\n<div id='av-layout-grid-2'  class='av-layout-grid-container av-94ja1-65254d56f51bfdb8fc65061ed323d7f0 entry-content-wrapper main_color av-flex-cells  avia-builder-el-4  el_after_av_layout_row  el_before_av_layout_row  grid-row-not-first  container_wrap sidebar_right'  >\n\n<style type=\"text\/css\" data-created_by=\"avia_inline_auto\" id=\"style-css-av-utgd-42ceb9254ca9fac28cdc4a7ed41da8aa\">\n.flex_cell.av-utgd-42ceb9254ca9fac28cdc4a7ed41da8aa{\nvertical-align:top;\n}\n.responsive #top #wrap_all .flex_cell.av-utgd-42ceb9254ca9fac28cdc4a7ed41da8aa{\npadding:0px 220px 30px 60px !important;\n}\n<\/style>\n<div class='flex_cell av-utgd-42ceb9254ca9fac28cdc4a7ed41da8aa av-gridrow-cell av_one_full no_margin  avia-builder-el-5  avia-builder-el-no-sibling  content-align-top'  ><div class='flex_cell_inner'><section  class='av_textblock_section av-7w8al-1bc6b523a449699c23edb3d317aa51ac '   itemscope=\"itemscope\" itemtype=\"https:\/\/schema.org\/CreativeWork\" ><div class='avia_textblock'  itemprop=\"text\" ><p><em><span style=\"color: #01325f; font-size: 17px;\">\u00c9 um estudo para diagnosticar a presen\u00e7a ou aus\u00eancia de uma dermatite de contato ou hipersensibilidade a um produto espec\u00edfico, realizando um teste epicut\u00e2neo por meio de um teste de Pach, teste aberto ou teste de uso.<\/span><\/em><\/p>\n<\/div><\/section>\n<\/div><\/div>\n<\/div>\n<div id='av-layout-grid-3'  class='av-layout-grid-container av-7ne31-4d9ee3c6cb18d4710697e44cfdc03710 entry-content-wrapper main_color av-flex-cells  avia-builder-el-7  el_after_av_layout_row  el_before_av_layout_row  grid-row-not-first  container_wrap sidebar_right'  >\n\n<style type=\"text\/css\" data-created_by=\"avia_inline_auto\" id=\"style-css-av-ors9-6e53fc9ac8e24c94a2485e0c45f7b73f\">\n.flex_cell.av-ors9-6e53fc9ac8e24c94a2485e0c45f7b73f{\nvertical-align:middle;\nbackground:url(https:\/\/dermatest.org\/wp-content\/uploads\/2017\/11\/patch_test.jpg) 50% 50% repeat scroll ;\n}\n.responsive #top #wrap_all .flex_cell.av-ors9-6e53fc9ac8e24c94a2485e0c45f7b73f{\npadding:80px 9% 80px 9% !important;\n}\n<\/style>\n<div class='flex_cell av-ors9-6e53fc9ac8e24c94a2485e0c45f7b73f av-gridrow-cell av_one_full no_margin  avia-builder-el-8  avia-builder-el-no-sibling  content-align-middle'  ><div class='flex_cell_inner'><section  class='av_textblock_section av-62rcl-56414e758efda1a735562ead34de9c89 '   itemscope=\"itemscope\" itemtype=\"https:\/\/schema.org\/CreativeWork\" ><div class='avia_textblock'  itemprop=\"text\" ><h2 style=\"text-align: center;\"><span style=\"color: #ffffff;\">TESTE DE PACH<\/span><\/h2>\n<p style=\"text-align: center;\"><span style=\"color: #ffffff; font-size: 16px;\">\u00c9 um procedimento padronizado, no qual o produto a ser testado \u00e9 aplicado na pele saud\u00e1vel de volunt\u00e1rios usando c\u00e2maras oclusivas (c\u00e2mara Finn).<\/span><\/p>\n<p style=\"text-align: center;\"><span style=\"color: #ffffff; font-size: 16px;\">Observa\u00e7\u00e3o: Uma c\u00e2mara vazia \u00e9 deixada vazia para descartar a possibilidade de sensibilidade ao adesivo. Depois de 24 horas, eles s\u00e3o abertos e, ap\u00f3s 30 minutos, o m\u00e9dico especializado respons\u00e1vel faz uma observa\u00e7\u00e3o para verificar a aus\u00eancia ou presen\u00e7a de eritema e seu grau de intensidade.<\/span><\/p>\n<p style=\"text-align: center;\"><span style=\"color: #ffffff; font-size: 16px;\">Observa\u00e7\u00e3o: a aplica\u00e7\u00e3o do produto e a subsequente observa\u00e7\u00e3o do estado da pele podem ser realizadas quantas vezes forem necess\u00e1rias, de acordo com o protocolo. <\/span><\/p>\n<\/div><\/section>\n<\/div><\/div><\/div><div id='av-layout-grid-4'  class='av-layout-grid-container av-5kb2p-45024fa0634c079e20a3970a9a345f45 entry-content-wrapper main_color av-flex-cells  avia-builder-el-10  el_after_av_layout_row  el_before_av_layout_row  grid-row-not-first  container_wrap sidebar_right'  >\n\n<style type=\"text\/css\" data-created_by=\"avia_inline_auto\" id=\"style-css-av-4uuk9-610d6d073ba914d8f795b5a12784d970\">\n.flex_cell.av-4uuk9-610d6d073ba914d8f795b5a12784d970{\nvertical-align:middle;\nbackground:url(https:\/\/dermatest.org\/wp-content\/uploads\/2017\/11\/open_test.jpg) 50% 0% repeat scroll ;\n}\n.responsive #top #wrap_all .flex_cell.av-4uuk9-610d6d073ba914d8f795b5a12784d970{\npadding:80px 9% 80px 9% !important;\n}\n<\/style>\n<div class='flex_cell av-4uuk9-610d6d073ba914d8f795b5a12784d970 av-gridrow-cell av_one_full no_margin  avia-builder-el-11  avia-builder-el-no-sibling  content-align-middle'  ><div class='flex_cell_inner'><section  class='av_textblock_section av-4lhoh-7330f8a602b7a3ecfe21d91123b1e994 '   itemscope=\"itemscope\" itemtype=\"https:\/\/schema.org\/CreativeWork\" ><div class='avia_textblock'  itemprop=\"text\" ><h2 style=\"text-align: center;\"><span style=\"color: #ffffff;\">TESTE ABERTO<\/span><\/h2>\n<p style=\"text-align: center;\"><span style=\"color: #ffffff; font-size: 16px;\">Esse teste \u00e9 realizado quando, devido \u00e0 especificidade do produto, n\u00e3o \u00e9 poss\u00edvel realizar um teste de oclus\u00e3o. Consiste em uma aplica\u00e7\u00e3o \u00fanica ou repetida do produto na \u00e1rea interna do antebra\u00e7o, ao redor da \u00e1rea dos olhos, na \u00e1rea periorbital ou na \u00e1rea de uso.<\/span><\/p>\n<p style=\"text-align: center;\"><span style=\"color: #ffffff; font-size: 16px;\">Ap\u00f3s 30 minutos, 24 horas e 48 horas da aplica\u00e7\u00e3o do produto a ser testado, o profissional m\u00e9dico especializado respons\u00e1vel avalia a resposta da pele dos volunt\u00e1rios.<\/span><\/p>\n<p style=\"text-align: center;\"><span style=\"color: #ffffff; font-size: 16px;\"><br \/>\nCom base nos dados obtidos, \u00e9 elaborado um relat\u00f3rio cl\u00ednico que avalia o produto e sua compatibilidade com a pele.<\/span><\/p>\n<\/div><\/section>\n<\/div><\/div><\/div><div id='av-layout-grid-5'  class='av-layout-grid-container av-3syad-d43d188568707e57b469d9b01eac925b entry-content-wrapper main_color av-flex-cells  avia-builder-el-13  el_after_av_layout_row  avia-builder-el-last  grid-row-not-first  container_wrap sidebar_right'  >\n\n<style type=\"text\/css\" data-created_by=\"avia_inline_auto\" id=\"style-css-av-3d8xl-64f0744a3e3892af60491c718f2175a0\">\n.flex_cell.av-3d8xl-64f0744a3e3892af60491c718f2175a0{\nvertical-align:middle;\nbackground:url(https:\/\/dermatest.org\/wp-content\/uploads\/2017\/11\/test_de_uso3.jpg) 50% 50% repeat scroll ;\n}\n.responsive #top #wrap_all .flex_cell.av-3d8xl-64f0744a3e3892af60491c718f2175a0{\npadding:80px 9% 80px 9% !important;\n}\n<\/style>\n<div class='flex_cell av-3d8xl-64f0744a3e3892af60491c718f2175a0 av-gridrow-cell av_one_full no_margin  avia-builder-el-14  avia-builder-el-no-sibling  content-align-middle'  ><div class='flex_cell_inner'><section  class='av_textblock_section av-2jiy5-a145774a574ed1f1b869683038549e7f '   itemscope=\"itemscope\" itemtype=\"https:\/\/schema.org\/CreativeWork\" ><div class='avia_textblock'  itemprop=\"text\" ><h2 style=\"text-align: center;\"><span style=\"color: #ffffff;\">TESTE DE USO<\/span><\/h2>\n<p style=\"text-align: center;\"><span style=\"color: #ffffff; font-size: 16px;\">\u00c9 um estudo de aceitabilidade, realizado e controlado durante todo o per\u00edodo por um profissional m\u00e9dico especializado, que avaliar\u00e1 a aus\u00eancia ou presen\u00e7a de rea\u00e7\u00f5es, desconforto e\/ou irrita\u00e7\u00f5es cumulativas associadas \u00e0 aplica\u00e7\u00e3o do produto em estudo por um per\u00edodo m\u00ednimo de 2 a 4 semanas em condi\u00e7\u00f5es normais de uso em volunt\u00e1rios saud\u00e1veis e com a realiza\u00e7\u00e3o pr\u00e9via de um &#8220;teste de Pach&#8221; com resultados negativos.<\/span><\/p>\n<p style=\"text-align: center;\"><span style=\"color: #ffffff; font-size: 16px;\">Al\u00e9m disso, os question\u00e1rios s\u00e3o realizados em entrevistas curtas com os volunt\u00e1rios para que eles possam expressar seus sentimentos sobre o uso do produto, indicado anteriormente. Ap\u00f3s a an\u00e1lise de todos os dados obtidos durante o estudo, a conclus\u00e3o final \u00e9 registrada em um relat\u00f3rio.<\/span><\/p>\n<\/div><\/section>\n<\/div><\/div><\/div><\/p>\n","protected":false},"excerpt":{"rendered":"","protected":false},"author":1,"featured_media":0,"parent":0,"menu_order":0,"comment_status":"closed","ping_status":"closed","template":"","meta":{"footnotes":""},"class_list":["post-2664","page","type-page","status-publish","hentry"],"yoast_head":"<!-- This site is optimized with the Yoast SEO plugin v27.3 - https:\/\/yoast.com\/product\/yoast-seo-wordpress\/ -->\n<title>Estudos de seguran\u00e7a - Dermatest<\/title>\n<meta name=\"robots\" content=\"index, follow, max-snippet:-1, max-image-preview:large, max-video-preview:-1\" \/>\n<link rel=\"canonical\" href=\"https:\/\/dermatest.org\/pt-br\/estudos-de-seguranca\/\" \/>\n<meta property=\"og:locale\" content=\"pt_BR\" \/>\n<meta property=\"og:type\" content=\"article\" \/>\n<meta property=\"og:title\" content=\"Estudos de seguran\u00e7a - Dermatest\" \/>\n<meta property=\"og:url\" content=\"https:\/\/dermatest.org\/pt-br\/estudos-de-seguranca\/\" \/>\n<meta property=\"og:site_name\" content=\"Dermatest\" \/>\n<meta property=\"article:modified_time\" content=\"2026-02-02T20:29:30+00:00\" \/>\n<meta name=\"twitter:card\" content=\"summary_large_image\" \/>\n<meta name=\"twitter:label1\" content=\"Est. tempo de leitura\" \/>\n\t<meta name=\"twitter:data1\" content=\"2 minutos\" \/>\n<script type=\"application\/ld+json\" class=\"yoast-schema-graph\">{\"@context\":\"https:\\\/\\\/schema.org\",\"@graph\":[{\"@type\":\"WebPage\",\"@id\":\"https:\\\/\\\/dermatest.org\\\/pt-br\\\/estudos-de-seguranca\\\/\",\"url\":\"https:\\\/\\\/dermatest.org\\\/pt-br\\\/estudos-de-seguranca\\\/\",\"name\":\"Estudos de seguran\u00e7a - Dermatest\",\"isPartOf\":{\"@id\":\"https:\\\/\\\/dermatest.org\\\/pt-br\\\/#website\"},\"datePublished\":\"2017-11-10T17:37:22+00:00\",\"dateModified\":\"2026-02-02T20:29:30+00:00\",\"breadcrumb\":{\"@id\":\"https:\\\/\\\/dermatest.org\\\/pt-br\\\/estudos-de-seguranca\\\/#breadcrumb\"},\"inLanguage\":\"pt-BR\",\"potentialAction\":[{\"@type\":\"ReadAction\",\"target\":[\"https:\\\/\\\/dermatest.org\\\/pt-br\\\/estudos-de-seguranca\\\/\"]}]},{\"@type\":\"BreadcrumbList\",\"@id\":\"https:\\\/\\\/dermatest.org\\\/pt-br\\\/estudos-de-seguranca\\\/#breadcrumb\",\"itemListElement\":[{\"@type\":\"ListItem\",\"position\":1,\"name\":\"Portada\",\"item\":\"https:\\\/\\\/dermatest.org\\\/pt-br\\\/\"},{\"@type\":\"ListItem\",\"position\":2,\"name\":\"Estudos de seguran\u00e7a\"}]},{\"@type\":\"WebSite\",\"@id\":\"https:\\\/\\\/dermatest.org\\\/pt-br\\\/#website\",\"url\":\"https:\\\/\\\/dermatest.org\\\/pt-br\\\/\",\"name\":\"Dermatest\",\"description\":\"Estudios de Seguridad, Eficacia y Sustento de Claims\",\"potentialAction\":[{\"@type\":\"SearchAction\",\"target\":{\"@type\":\"EntryPoint\",\"urlTemplate\":\"https:\\\/\\\/dermatest.org\\\/pt-br\\\/?s={search_term_string}\"},\"query-input\":{\"@type\":\"PropertyValueSpecification\",\"valueRequired\":true,\"valueName\":\"search_term_string\"}}],\"inLanguage\":\"pt-BR\"}]}<\/script>\n<!-- \/ Yoast SEO plugin. -->","yoast_head_json":{"title":"Estudos de seguran\u00e7a - Dermatest","robots":{"index":"index","follow":"follow","max-snippet":"max-snippet:-1","max-image-preview":"max-image-preview:large","max-video-preview":"max-video-preview:-1"},"canonical":"https:\/\/dermatest.org\/pt-br\/estudos-de-seguranca\/","og_locale":"pt_BR","og_type":"article","og_title":"Estudos de seguran\u00e7a - Dermatest","og_url":"https:\/\/dermatest.org\/pt-br\/estudos-de-seguranca\/","og_site_name":"Dermatest","article_modified_time":"2026-02-02T20:29:30+00:00","twitter_card":"summary_large_image","twitter_misc":{"Est. tempo de leitura":"2 minutos"},"schema":{"@context":"https:\/\/schema.org","@graph":[{"@type":"WebPage","@id":"https:\/\/dermatest.org\/pt-br\/estudos-de-seguranca\/","url":"https:\/\/dermatest.org\/pt-br\/estudos-de-seguranca\/","name":"Estudos de seguran\u00e7a - Dermatest","isPartOf":{"@id":"https:\/\/dermatest.org\/pt-br\/#website"},"datePublished":"2017-11-10T17:37:22+00:00","dateModified":"2026-02-02T20:29:30+00:00","breadcrumb":{"@id":"https:\/\/dermatest.org\/pt-br\/estudos-de-seguranca\/#breadcrumb"},"inLanguage":"pt-BR","potentialAction":[{"@type":"ReadAction","target":["https:\/\/dermatest.org\/pt-br\/estudos-de-seguranca\/"]}]},{"@type":"BreadcrumbList","@id":"https:\/\/dermatest.org\/pt-br\/estudos-de-seguranca\/#breadcrumb","itemListElement":[{"@type":"ListItem","position":1,"name":"Portada","item":"https:\/\/dermatest.org\/pt-br\/"},{"@type":"ListItem","position":2,"name":"Estudos de seguran\u00e7a"}]},{"@type":"WebSite","@id":"https:\/\/dermatest.org\/pt-br\/#website","url":"https:\/\/dermatest.org\/pt-br\/","name":"Dermatest","description":"Estudios de Seguridad, Eficacia y Sustento de Claims","potentialAction":[{"@type":"SearchAction","target":{"@type":"EntryPoint","urlTemplate":"https:\/\/dermatest.org\/pt-br\/?s={search_term_string}"},"query-input":{"@type":"PropertyValueSpecification","valueRequired":true,"valueName":"search_term_string"}}],"inLanguage":"pt-BR"}]}},"_links":{"self":[{"href":"https:\/\/dermatest.org\/pt-br\/wp-json\/wp\/v2\/pages\/2664","targetHints":{"allow":["GET"]}}],"collection":[{"href":"https:\/\/dermatest.org\/pt-br\/wp-json\/wp\/v2\/pages"}],"about":[{"href":"https:\/\/dermatest.org\/pt-br\/wp-json\/wp\/v2\/types\/page"}],"author":[{"embeddable":true,"href":"https:\/\/dermatest.org\/pt-br\/wp-json\/wp\/v2\/users\/1"}],"replies":[{"embeddable":true,"href":"https:\/\/dermatest.org\/pt-br\/wp-json\/wp\/v2\/comments?post=2664"}],"version-history":[{"count":7,"href":"https:\/\/dermatest.org\/pt-br\/wp-json\/wp\/v2\/pages\/2664\/revisions"}],"predecessor-version":[{"id":2701,"href":"https:\/\/dermatest.org\/pt-br\/wp-json\/wp\/v2\/pages\/2664\/revisions\/2701"}],"wp:attachment":[{"href":"https:\/\/dermatest.org\/pt-br\/wp-json\/wp\/v2\/media?parent=2664"}],"curies":[{"name":"wp","href":"https:\/\/api.w.org\/{rel}","templated":true}]}}